{"id":390,"date":"2021-05-17T15:13:28","date_gmt":"2021-05-17T15:13:28","guid":{"rendered":"https:\/\/cleys.it\/chi-siamo\/"},"modified":"2022-04-06T10:13:34","modified_gmt":"2022-04-06T10:13:34","slug":"chi-siamo","status":"publish","type":"page","link":"https:\/\/cleys.it\/fr\/chi-siamo\/","title":{"rendered":"Notre entreprise"},"content":{"rendered":"","protected":false},"excerpt":{"rendered":"","protected":false},"author":4,"featured_media":0,"parent":0,"menu_order":0,"comment_status":"closed","ping_status":"closed","template":"template-chi-siamo.php","meta":{"_acf_changed":false,"footnotes":""},"class_list":["post-390","page","type-page","status-publish","hentry"],"acf":[],"yoast_head":"<!-- This site is optimized with the Yoast SEO plugin v27.2 - https:\/\/yoast.com\/product\/yoast-seo-wordpress\/ -->\n<title>Cosm\u00e9tiques pour le compte de tiers: de l&#039;id\u00e9e au produit | Cleys<\/title>\n<meta name=\"description\" content=\"Nous garantissons une capacit\u00e9 industrielle qui allie la production \u00e0 grande \u00e9chelle au respect des standards de qualit\u00e9 les plus stricts.\" \/>\n<meta name=\"robots\" content=\"index, follow, max-snippet:-1, max-image-preview:large, max-video-preview:-1\" \/>\n<link rel=\"canonical\" href=\"https:\/\/cleys.it\/fr\/chi-siamo\/\" \/>\n<meta property=\"og:locale\" content=\"fr_FR\" \/>\n<meta property=\"og:type\" content=\"article\" \/>\n<meta property=\"og:title\" content=\"Cosm\u00e9tiques pour le compte de tiers: de l&#039;id\u00e9e au produit | Cleys\" \/>\n<meta property=\"og:description\" content=\"Nous garantissons une capacit\u00e9 industrielle qui allie la production \u00e0 grande \u00e9chelle au respect des standards de qualit\u00e9 les plus stricts.\" \/>\n<meta property=\"og:url\" content=\"https:\/\/cleys.it\/fr\/chi-siamo\/\" \/>\n<meta property=\"og:site_name\" content=\"Cleys\" \/>\n<meta property=\"article:modified_time\" content=\"2022-04-06T10:13:34+00:00\" \/>\n<meta name=\"twitter:card\" content=\"summary_large_image\" \/>\n<script type=\"application\/ld+json\" class=\"yoast-schema-graph\">{\"@context\":\"https:\/\/schema.org\",\"@graph\":[{\"@type\":\"WebPage\",\"@id\":\"https:\/\/cleys.it\/fr\/chi-siamo\/\",\"url\":\"https:\/\/cleys.it\/fr\/chi-siamo\/\",\"name\":\"Cosm\u00e9tiques pour le compte de tiers: de l'id\u00e9e au produit | Cleys\",\"isPartOf\":{\"@id\":\"https:\/\/cleys.it\/#website\"},\"datePublished\":\"2021-05-17T15:13:28+00:00\",\"dateModified\":\"2022-04-06T10:13:34+00:00\",\"description\":\"Nous garantissons une capacit\u00e9 industrielle qui allie la production \u00e0 grande \u00e9chelle au respect des standards de qualit\u00e9 les plus stricts.\",\"breadcrumb\":{\"@id\":\"https:\/\/cleys.it\/fr\/chi-siamo\/#breadcrumb\"},\"inLanguage\":\"fr-FR\",\"potentialAction\":[{\"@type\":\"ReadAction\",\"target\":[\"https:\/\/cleys.it\/fr\/chi-siamo\/\"]}]},{\"@type\":\"BreadcrumbList\",\"@id\":\"https:\/\/cleys.it\/fr\/chi-siamo\/#breadcrumb\",\"itemListElement\":[{\"@type\":\"ListItem\",\"position\":1,\"name\":\"Home\",\"item\":\"https:\/\/cleys.it\/fr\/\"},{\"@type\":\"ListItem\",\"position\":2,\"name\":\"Notre entreprise\"}]},{\"@type\":\"WebSite\",\"@id\":\"https:\/\/cleys.it\/#website\",\"url\":\"https:\/\/cleys.it\/\",\"name\":\"Cleys\",\"description\":\"Straight to cosmetics\",\"publisher\":{\"@id\":\"https:\/\/cleys.it\/#organization\"},\"potentialAction\":[{\"@type\":\"SearchAction\",\"target\":{\"@type\":\"EntryPoint\",\"urlTemplate\":\"https:\/\/cleys.it\/?s={search_term_string}\"},\"query-input\":{\"@type\":\"PropertyValueSpecification\",\"valueRequired\":true,\"valueName\":\"search_term_string\"}}],\"inLanguage\":\"fr-FR\"},{\"@type\":\"Organization\",\"@id\":\"https:\/\/cleys.it\/#organization\",\"name\":\"Cleys\",\"url\":\"https:\/\/cleys.it\/\",\"logo\":{\"@type\":\"ImageObject\",\"inLanguage\":\"fr-FR\",\"@id\":\"https:\/\/cleys.it\/#\/schema\/logo\/image\/\",\"url\":\"https:\/\/cleys.it\/wp-content\/uploads\/2021\/06\/logo-cleys.jpg\",\"contentUrl\":\"https:\/\/cleys.it\/wp-content\/uploads\/2021\/06\/logo-cleys.jpg\",\"width\":2170,\"height\":1249,\"caption\":\"Cleys\"},\"image\":{\"@id\":\"https:\/\/cleys.it\/#\/schema\/logo\/image\/\"},\"sameAs\":[\"https:\/\/www.linkedin.com\/company\/cleys\/\"]}]}<\/script>\n<!-- \/ Yoast SEO plugin. -->","yoast_head_json":{"title":"Cosm\u00e9tiques pour le compte de tiers: de l'id\u00e9e au produit | Cleys","description":"Nous garantissons une capacit\u00e9 industrielle qui allie la production \u00e0 grande \u00e9chelle au respect des standards de qualit\u00e9 les plus stricts.","robots":{"index":"index","follow":"follow","max-snippet":"max-snippet:-1","max-image-preview":"max-image-preview:large","max-video-preview":"max-video-preview:-1"},"canonical":"https:\/\/cleys.it\/fr\/chi-siamo\/","og_locale":"fr_FR","og_type":"article","og_title":"Cosm\u00e9tiques pour le compte de tiers: de l'id\u00e9e au produit | Cleys","og_description":"Nous garantissons une capacit\u00e9 industrielle qui allie la production \u00e0 grande \u00e9chelle au respect des standards de qualit\u00e9 les plus stricts.","og_url":"https:\/\/cleys.it\/fr\/chi-siamo\/","og_site_name":"Cleys","article_modified_time":"2022-04-06T10:13:34+00:00","twitter_card":"summary_large_image","schema":{"@context":"https:\/\/schema.org","@graph":[{"@type":"WebPage","@id":"https:\/\/cleys.it\/fr\/chi-siamo\/","url":"https:\/\/cleys.it\/fr\/chi-siamo\/","name":"Cosm\u00e9tiques pour le compte de tiers: de l'id\u00e9e au produit | Cleys","isPartOf":{"@id":"https:\/\/cleys.it\/#website"},"datePublished":"2021-05-17T15:13:28+00:00","dateModified":"2022-04-06T10:13:34+00:00","description":"Nous garantissons une capacit\u00e9 industrielle qui allie la production \u00e0 grande \u00e9chelle au respect des standards de qualit\u00e9 les plus stricts.","breadcrumb":{"@id":"https:\/\/cleys.it\/fr\/chi-siamo\/#breadcrumb"},"inLanguage":"fr-FR","potentialAction":[{"@type":"ReadAction","target":["https:\/\/cleys.it\/fr\/chi-siamo\/"]}]},{"@type":"BreadcrumbList","@id":"https:\/\/cleys.it\/fr\/chi-siamo\/#breadcrumb","itemListElement":[{"@type":"ListItem","position":1,"name":"Home","item":"https:\/\/cleys.it\/fr\/"},{"@type":"ListItem","position":2,"name":"Notre entreprise"}]},{"@type":"WebSite","@id":"https:\/\/cleys.it\/#website","url":"https:\/\/cleys.it\/","name":"Cleys","description":"Straight to cosmetics","publisher":{"@id":"https:\/\/cleys.it\/#organization"},"potentialAction":[{"@type":"SearchAction","target":{"@type":"EntryPoint","urlTemplate":"https:\/\/cleys.it\/?s={search_term_string}"},"query-input":{"@type":"PropertyValueSpecification","valueRequired":true,"valueName":"search_term_string"}}],"inLanguage":"fr-FR"},{"@type":"Organization","@id":"https:\/\/cleys.it\/#organization","name":"Cleys","url":"https:\/\/cleys.it\/","logo":{"@type":"ImageObject","inLanguage":"fr-FR","@id":"https:\/\/cleys.it\/#\/schema\/logo\/image\/","url":"https:\/\/cleys.it\/wp-content\/uploads\/2021\/06\/logo-cleys.jpg","contentUrl":"https:\/\/cleys.it\/wp-content\/uploads\/2021\/06\/logo-cleys.jpg","width":2170,"height":1249,"caption":"Cleys"},"image":{"@id":"https:\/\/cleys.it\/#\/schema\/logo\/image\/"},"sameAs":["https:\/\/www.linkedin.com\/company\/cleys\/"]}]}},"_links":{"self":[{"href":"https:\/\/cleys.it\/fr\/wp-json\/wp\/v2\/pages\/390","targetHints":{"allow":["GET"]}}],"collection":[{"href":"https:\/\/cleys.it\/fr\/wp-json\/wp\/v2\/pages"}],"about":[{"href":"https:\/\/cleys.it\/fr\/wp-json\/wp\/v2\/types\/page"}],"author":[{"embeddable":true,"href":"https:\/\/cleys.it\/fr\/wp-json\/wp\/v2\/users\/4"}],"replies":[{"embeddable":true,"href":"https:\/\/cleys.it\/fr\/wp-json\/wp\/v2\/comments?post=390"}],"version-history":[{"count":8,"href":"https:\/\/cleys.it\/fr\/wp-json\/wp\/v2\/pages\/390\/revisions"}],"predecessor-version":[{"id":2046,"href":"https:\/\/cleys.it\/fr\/wp-json\/wp\/v2\/pages\/390\/revisions\/2046"}],"wp:attachment":[{"href":"https:\/\/cleys.it\/fr\/wp-json\/wp\/v2\/media?parent=390"}],"curies":[{"name":"wp","href":"https:\/\/api.w.org\/{rel}","templated":true}]}}