{"id":408,"date":"2021-05-17T15:10:18","date_gmt":"2021-05-17T15:10:18","guid":{"rendered":"https:\/\/cleys.it\/stabilimento\/"},"modified":"2024-11-05T11:48:31","modified_gmt":"2024-11-05T11:48:31","slug":"stabilimento","status":"publish","type":"page","link":"https:\/\/cleys.it\/fr\/stabilimento\/","title":{"rendered":"Notre etablissement"},"content":{"rendered":"\n<p>N\u00e9e en 1965, Cleys est une activit\u00e9 productive authentiquement italienne : l\u2019entreprise est bas\u00e9e \u00e0 Ozzero, Milan, et se pr\u00e9vaut d\u2019une longue exp\u00e9rience dans le domaine cosm\u00e9tique, tant en Italie qu\u2019\u00e0 l\u2019\u00e9tranger.<\/p>\n\n\n\n<p>Cette m\u00eame localit\u00e9 h\u00e9berge encore aujourd\u2019hui notre si\u00e8ge et notre usine de production. Cette derni\u00e8re s\u2019\u00e9tend sur une surface de 10 000 m\u00b2 et regroupe toutes les installations industrielles, dont une zone sp\u00e9cifique pour la production du talc.<\/p>\n","protected":false},"excerpt":{"rendered":"<p>N\u00e9e en 1965, Cleys est une activit\u00e9 productive authentiquement italienne : l\u2019entreprise est bas\u00e9e \u00e0 Ozzero, Milan, et se pr\u00e9vaut d\u2019une longue exp\u00e9rience dans le domaine cosm\u00e9tique, tant en Italie qu\u2019\u00e0 l\u2019\u00e9tranger. Cette m\u00eame localit\u00e9 h\u00e9berge encore aujourd\u2019hui notre si\u00e8ge et notre usine de production. Cette derni\u00e8re s\u2019\u00e9tend sur une surface de 10 000 m\u00b2 [&hellip;]<\/p>\n","protected":false},"author":4,"featured_media":0,"parent":0,"menu_order":0,"comment_status":"closed","ping_status":"closed","template":"template-stabilimento.php","meta":{"_acf_changed":false,"footnotes":""},"class_list":["post-408","page","type-page","status-publish","hentry"],"acf":[],"yoast_head":"<!-- This site is optimized with the Yoast SEO plugin v27.2 - https:\/\/yoast.com\/product\/yoast-seo-wordpress\/ -->\n<title>Cosm\u00e9tiques: capacit\u00e9 de production | Cleys<\/title>\n<meta name=\"description\" content=\"N\u00e9e en 1965, Cleys est une activit\u00e9 productive authentiquement italienne : l\u2019entreprise est bas\u00e9e \u00e0 Ozzero, Milan.\" \/>\n<meta name=\"robots\" content=\"index, follow, max-snippet:-1, max-image-preview:large, max-video-preview:-1\" \/>\n<link rel=\"canonical\" href=\"https:\/\/cleys.it\/fr\/stabilimento\/\" \/>\n<meta property=\"og:locale\" content=\"fr_FR\" \/>\n<meta property=\"og:type\" content=\"article\" \/>\n<meta property=\"og:title\" content=\"Cosm\u00e9tiques: capacit\u00e9 de production | Cleys\" \/>\n<meta property=\"og:description\" content=\"N\u00e9e en 1965, Cleys est une activit\u00e9 productive authentiquement italienne : l\u2019entreprise est bas\u00e9e \u00e0 Ozzero, Milan.\" \/>\n<meta property=\"og:url\" content=\"https:\/\/cleys.it\/fr\/stabilimento\/\" \/>\n<meta property=\"og:site_name\" content=\"Cleys\" \/>\n<meta property=\"article:modified_time\" content=\"2024-11-05T11:48:31+00:00\" \/>\n<meta name=\"twitter:card\" content=\"summary_large_image\" \/>\n<meta name=\"twitter:label1\" content=\"Dur\u00e9e de lecture estim\u00e9e\" \/>\n\t<meta name=\"twitter:data1\" content=\"1 minute\" \/>\n<script type=\"application\/ld+json\" class=\"yoast-schema-graph\">{\"@context\":\"https:\/\/schema.org\",\"@graph\":[{\"@type\":\"WebPage\",\"@id\":\"https:\/\/cleys.it\/fr\/stabilimento\/\",\"url\":\"https:\/\/cleys.it\/fr\/stabilimento\/\",\"name\":\"Cosm\u00e9tiques: capacit\u00e9 de production | Cleys\",\"isPartOf\":{\"@id\":\"https:\/\/cleys.it\/#website\"},\"datePublished\":\"2021-05-17T15:10:18+00:00\",\"dateModified\":\"2024-11-05T11:48:31+00:00\",\"description\":\"N\u00e9e en 1965, Cleys est une activit\u00e9 productive authentiquement italienne : l\u2019entreprise est bas\u00e9e \u00e0 Ozzero, Milan.\",\"breadcrumb\":{\"@id\":\"https:\/\/cleys.it\/fr\/stabilimento\/#breadcrumb\"},\"inLanguage\":\"fr-FR\",\"potentialAction\":[{\"@type\":\"ReadAction\",\"target\":[\"https:\/\/cleys.it\/fr\/stabilimento\/\"]}]},{\"@type\":\"BreadcrumbList\",\"@id\":\"https:\/\/cleys.it\/fr\/stabilimento\/#breadcrumb\",\"itemListElement\":[{\"@type\":\"ListItem\",\"position\":1,\"name\":\"Home\",\"item\":\"https:\/\/cleys.it\/fr\/\"},{\"@type\":\"ListItem\",\"position\":2,\"name\":\"Notre etablissement\"}]},{\"@type\":\"WebSite\",\"@id\":\"https:\/\/cleys.it\/#website\",\"url\":\"https:\/\/cleys.it\/\",\"name\":\"Cleys\",\"description\":\"Straight to cosmetics\",\"publisher\":{\"@id\":\"https:\/\/cleys.it\/#organization\"},\"potentialAction\":[{\"@type\":\"SearchAction\",\"target\":{\"@type\":\"EntryPoint\",\"urlTemplate\":\"https:\/\/cleys.it\/?s={search_term_string}\"},\"query-input\":{\"@type\":\"PropertyValueSpecification\",\"valueRequired\":true,\"valueName\":\"search_term_string\"}}],\"inLanguage\":\"fr-FR\"},{\"@type\":\"Organization\",\"@id\":\"https:\/\/cleys.it\/#organization\",\"name\":\"Cleys\",\"url\":\"https:\/\/cleys.it\/\",\"logo\":{\"@type\":\"ImageObject\",\"inLanguage\":\"fr-FR\",\"@id\":\"https:\/\/cleys.it\/#\/schema\/logo\/image\/\",\"url\":\"https:\/\/cleys.it\/wp-content\/uploads\/2021\/06\/logo-cleys.jpg\",\"contentUrl\":\"https:\/\/cleys.it\/wp-content\/uploads\/2021\/06\/logo-cleys.jpg\",\"width\":2170,\"height\":1249,\"caption\":\"Cleys\"},\"image\":{\"@id\":\"https:\/\/cleys.it\/#\/schema\/logo\/image\/\"},\"sameAs\":[\"https:\/\/www.linkedin.com\/company\/cleys\/\"]}]}<\/script>\n<!-- \/ Yoast SEO plugin. -->","yoast_head_json":{"title":"Cosm\u00e9tiques: capacit\u00e9 de production | Cleys","description":"N\u00e9e en 1965, Cleys est une activit\u00e9 productive authentiquement italienne : l\u2019entreprise est bas\u00e9e \u00e0 Ozzero, Milan.","robots":{"index":"index","follow":"follow","max-snippet":"max-snippet:-1","max-image-preview":"max-image-preview:large","max-video-preview":"max-video-preview:-1"},"canonical":"https:\/\/cleys.it\/fr\/stabilimento\/","og_locale":"fr_FR","og_type":"article","og_title":"Cosm\u00e9tiques: capacit\u00e9 de production | Cleys","og_description":"N\u00e9e en 1965, Cleys est une activit\u00e9 productive authentiquement italienne : l\u2019entreprise est bas\u00e9e \u00e0 Ozzero, Milan.","og_url":"https:\/\/cleys.it\/fr\/stabilimento\/","og_site_name":"Cleys","article_modified_time":"2024-11-05T11:48:31+00:00","twitter_card":"summary_large_image","twitter_misc":{"Dur\u00e9e de lecture estim\u00e9e":"1 minute"},"schema":{"@context":"https:\/\/schema.org","@graph":[{"@type":"WebPage","@id":"https:\/\/cleys.it\/fr\/stabilimento\/","url":"https:\/\/cleys.it\/fr\/stabilimento\/","name":"Cosm\u00e9tiques: capacit\u00e9 de production | Cleys","isPartOf":{"@id":"https:\/\/cleys.it\/#website"},"datePublished":"2021-05-17T15:10:18+00:00","dateModified":"2024-11-05T11:48:31+00:00","description":"N\u00e9e en 1965, Cleys est une activit\u00e9 productive authentiquement italienne : l\u2019entreprise est bas\u00e9e \u00e0 Ozzero, Milan.","breadcrumb":{"@id":"https:\/\/cleys.it\/fr\/stabilimento\/#breadcrumb"},"inLanguage":"fr-FR","potentialAction":[{"@type":"ReadAction","target":["https:\/\/cleys.it\/fr\/stabilimento\/"]}]},{"@type":"BreadcrumbList","@id":"https:\/\/cleys.it\/fr\/stabilimento\/#breadcrumb","itemListElement":[{"@type":"ListItem","position":1,"name":"Home","item":"https:\/\/cleys.it\/fr\/"},{"@type":"ListItem","position":2,"name":"Notre etablissement"}]},{"@type":"WebSite","@id":"https:\/\/cleys.it\/#website","url":"https:\/\/cleys.it\/","name":"Cleys","description":"Straight to cosmetics","publisher":{"@id":"https:\/\/cleys.it\/#organization"},"potentialAction":[{"@type":"SearchAction","target":{"@type":"EntryPoint","urlTemplate":"https:\/\/cleys.it\/?s={search_term_string}"},"query-input":{"@type":"PropertyValueSpecification","valueRequired":true,"valueName":"search_term_string"}}],"inLanguage":"fr-FR"},{"@type":"Organization","@id":"https:\/\/cleys.it\/#organization","name":"Cleys","url":"https:\/\/cleys.it\/","logo":{"@type":"ImageObject","inLanguage":"fr-FR","@id":"https:\/\/cleys.it\/#\/schema\/logo\/image\/","url":"https:\/\/cleys.it\/wp-content\/uploads\/2021\/06\/logo-cleys.jpg","contentUrl":"https:\/\/cleys.it\/wp-content\/uploads\/2021\/06\/logo-cleys.jpg","width":2170,"height":1249,"caption":"Cleys"},"image":{"@id":"https:\/\/cleys.it\/#\/schema\/logo\/image\/"},"sameAs":["https:\/\/www.linkedin.com\/company\/cleys\/"]}]}},"_links":{"self":[{"href":"https:\/\/cleys.it\/fr\/wp-json\/wp\/v2\/pages\/408","targetHints":{"allow":["GET"]}}],"collection":[{"href":"https:\/\/cleys.it\/fr\/wp-json\/wp\/v2\/pages"}],"about":[{"href":"https:\/\/cleys.it\/fr\/wp-json\/wp\/v2\/types\/page"}],"author":[{"embeddable":true,"href":"https:\/\/cleys.it\/fr\/wp-json\/wp\/v2\/users\/4"}],"replies":[{"embeddable":true,"href":"https:\/\/cleys.it\/fr\/wp-json\/wp\/v2\/comments?post=408"}],"version-history":[{"count":32,"href":"https:\/\/cleys.it\/fr\/wp-json\/wp\/v2\/pages\/408\/revisions"}],"predecessor-version":[{"id":5354,"href":"https:\/\/cleys.it\/fr\/wp-json\/wp\/v2\/pages\/408\/revisions\/5354"}],"wp:attachment":[{"href":"https:\/\/cleys.it\/fr\/wp-json\/wp\/v2\/media?parent=408"}],"curies":[{"name":"wp","href":"https:\/\/api.w.org\/{rel}","templated":true}]}}