{"id":435,"date":"2021-05-18T13:43:24","date_gmt":"2021-05-18T13:43:24","guid":{"rendered":"https:\/\/cleys.it\/qualita\/"},"modified":"2023-12-07T10:04:19","modified_gmt":"2023-12-07T10:04:19","slug":"qualita","status":"publish","type":"page","link":"https:\/\/cleys.it\/fr\/qualita\/","title":{"rendered":"Qualit\u00e9"},"content":{"rendered":"\n<h3 class=\"wp-block-heading has-text-align-center titoletto-pag\">Cleys a adopt\u00e9 un Syst\u00e8me de gestion de la qualit\u00e9 et de la s\u00e9curit\u00e9 des produits cosm\u00e9tiques et des dispositifs m\u00e9dicaux conforme aux standards internationaux.<br><br><\/h3>\n\n\n\n<div class=\"wp-block-columns is-layout-flex wp-container-core-columns-is-layout-9d6595d7 wp-block-columns-is-layout-flex\">\n<div class=\"wp-block-column is-layout-flow wp-block-column-is-layout-flow\">\n<p><strong>La mise en \u0153uvre et l\u2019am\u00e9lioration continue de ce syst\u00e8me permettent de garantir:<\/strong><\/p>\n\n\n\n<ul class=\"wp-block-list\">\n<li>L\u2019efficience interne.<\/li>\n\n\n\n<li>Une meilleure capacit\u00e9 \u00e0 r\u00e9pondre aux besoins et aux attentes des parties int\u00e9ress\u00e9es et \u00e0 garantir la s\u00e9curit\u00e9 des produits cosm\u00e9tiques et des dispositifs m\u00e9dicaux dans l\u2019int\u00e9r\u00eat de la protection du consommateur.<\/li>\n\n\n\n<li>La gestion correcte des facteurs et des impacts environnementaux de l\u2019entreprise, des risques pour la sant\u00e9 et la s\u00e9curit\u00e9 des travailleurs et des infrastructures et installations.<\/li>\n<\/ul>\n<\/div>\n\n\n\n<div class=\"wp-block-column is-layout-flow wp-block-column-is-layout-flow\">\n<p><strong>L\u2019efficacit\u00e9 et l\u2019efficience de Cleys reposent sur:<\/strong><\/p>\n\n\n\n<ul class=\"wp-block-list\">\n<li>Sa capacit\u00e9 \u00e0 analyser les attentes explicites et implicites des clients, afin d\u2019identifier le produit capable de satisfaire leurs besoins, conform\u00e9ment \u00e0 la l\u00e9gislation et \u00e0 la r\u00e9glementation en vigueur.<\/li>\n\n\n\n<li>Une grande flexibilit\u00e9 lui permettant de r\u00e9pondre proactivement aux besoins des clients et du march\u00e9.<\/li>\n\n\n\n<li>Des comp\u00e9tences techniques \u00e9lev\u00e9es et des capacit\u00e9s de production qui en font un partenaire en mesure d\u2019assurer de grands volumes de production sur un march\u00e9 constitu\u00e9 de petites et moyennes entreprises.<\/li>\n\n\n\n<li>Un syst\u00e8me de gestion centr\u00e9 sur l\u2019analyse des risques du produit et des mesures d\u2019att\u00e9nuation de ces risques, ax\u00e9 sur l\u2019engagement constant de tous les niveaux de l\u2019organisation dans l\u2019application des bonnes pratiques de fabrication, en conformit\u00e9 avec les exigences impos\u00e9es par les clients du secteur cosm\u00e9tique et de celui des dispositifs m\u00e9dicaux.<\/li>\n<\/ul>\n<\/div>\n<\/div>\n\n\n\n<p class=\"has-text-align-center\">L\u2019excellente qualit\u00e9 de notre processus industriel et des produits qui en sont issus est garantie par les plus importantes certifications internationales.<\/p>\n\n\n\n<h2 class=\"wp-block-heading has-text-align-center\">DURABILIT\u00c9<\/h2>\n\n\n\n<p>Cleys a donn\u00e9 le coup d\u2019envoi \u00e0 son parcours important et n\u00e9cessaire vers la durabilit\u00e9 d\u2019entreprise.<\/p>\n\n\n\n<p>Nous avons choisi de r\u00e9duire notre impact environnemental en nous \u00e9quipant de structures de gestion et d\u2019organisation qui assureront la r\u00e9duction des \u00e9missions, des gaspillages et de la pollution.<\/p>\n\n\n\n<p>Nous misons sur l\u2019efficacit\u00e9 \u00e9nerg\u00e9tique durant le cycle de production, la neutralit\u00e9 carbone, la certification environnementale ISO 140001 et la r\u00e9duction de l\u2019utilisation de plastique \u00e0 l\u2019interne.<\/p>\n\n\n\n<p>Nous accompagnons nos clients dans le d\u00e9veloppement et la production de produits durables, gr\u00e2ce \u00e0 notre capacit\u00e9 de proposer les solutions de conditionnement et de formules les plus adapt\u00e9es.<\/p>\n\n\n\n<p class=\"has-text-align-center\"><br><br><\/p>\n","protected":false},"excerpt":{"rendered":"<p>Cleys a adopt\u00e9 un Syst\u00e8me de gestion de la qualit\u00e9 et de la s\u00e9curit\u00e9 des produits cosm\u00e9tiques et des dispositifs m\u00e9dicaux conforme aux standards internationaux. La mise en \u0153uvre et l\u2019am\u00e9lioration continue de ce syst\u00e8me permettent de garantir: L\u2019efficacit\u00e9 et l\u2019efficience de Cleys reposent sur: L\u2019excellente qualit\u00e9 de notre processus industriel et des produits qui [&hellip;]<\/p>\n","protected":false},"author":4,"featured_media":0,"parent":0,"menu_order":0,"comment_status":"closed","ping_status":"closed","template":"template-qualita.php","meta":{"_acf_changed":false,"footnotes":""},"class_list":["post-435","page","type-page","status-publish","hentry"],"acf":[],"yoast_head":"<!-- This site is optimized with the Yoast SEO plugin v27.2 - https:\/\/yoast.com\/product\/yoast-seo-wordpress\/ -->\n<title>Des produits cosm\u00e9tiques de qualit\u00e9 | Cleys<\/title>\n<meta name=\"description\" content=\"Cleys a adopt\u00e9 un Syst\u00e8me de gestion de la qualit\u00e9 des produits cosm\u00e9tiques et des dispositifs m\u00e9dicaux conforme aux standards internationaux.\" \/>\n<meta name=\"robots\" content=\"index, follow, max-snippet:-1, max-image-preview:large, max-video-preview:-1\" \/>\n<link rel=\"canonical\" href=\"https:\/\/cleys.it\/fr\/qualita\/\" \/>\n<meta property=\"og:locale\" content=\"fr_FR\" \/>\n<meta property=\"og:type\" content=\"article\" \/>\n<meta property=\"og:title\" content=\"Des produits cosm\u00e9tiques de qualit\u00e9 | Cleys\" \/>\n<meta property=\"og:description\" content=\"Cleys a adopt\u00e9 un Syst\u00e8me de gestion de la qualit\u00e9 des produits cosm\u00e9tiques et des dispositifs m\u00e9dicaux conforme aux standards internationaux.\" \/>\n<meta property=\"og:url\" content=\"https:\/\/cleys.it\/fr\/qualita\/\" \/>\n<meta property=\"og:site_name\" content=\"Cleys\" \/>\n<meta property=\"article:modified_time\" content=\"2023-12-07T10:04:19+00:00\" \/>\n<meta name=\"twitter:card\" content=\"summary_large_image\" \/>\n<meta name=\"twitter:label1\" content=\"Dur\u00e9e de lecture estim\u00e9e\" \/>\n\t<meta name=\"twitter:data1\" content=\"2 minutes\" \/>\n<script type=\"application\/ld+json\" class=\"yoast-schema-graph\">{\"@context\":\"https:\/\/schema.org\",\"@graph\":[{\"@type\":\"WebPage\",\"@id\":\"https:\/\/cleys.it\/fr\/qualita\/\",\"url\":\"https:\/\/cleys.it\/fr\/qualita\/\",\"name\":\"Des produits cosm\u00e9tiques de qualit\u00e9 | Cleys\",\"isPartOf\":{\"@id\":\"https:\/\/cleys.it\/#website\"},\"datePublished\":\"2021-05-18T13:43:24+00:00\",\"dateModified\":\"2023-12-07T10:04:19+00:00\",\"description\":\"Cleys a adopt\u00e9 un Syst\u00e8me de gestion de la qualit\u00e9 des produits cosm\u00e9tiques et des dispositifs m\u00e9dicaux conforme aux standards internationaux.\",\"breadcrumb\":{\"@id\":\"https:\/\/cleys.it\/fr\/qualita\/#breadcrumb\"},\"inLanguage\":\"fr-FR\",\"potentialAction\":[{\"@type\":\"ReadAction\",\"target\":[\"https:\/\/cleys.it\/fr\/qualita\/\"]}]},{\"@type\":\"BreadcrumbList\",\"@id\":\"https:\/\/cleys.it\/fr\/qualita\/#breadcrumb\",\"itemListElement\":[{\"@type\":\"ListItem\",\"position\":1,\"name\":\"Home\",\"item\":\"https:\/\/cleys.it\/fr\/\"},{\"@type\":\"ListItem\",\"position\":2,\"name\":\"Qualit\u00e9\"}]},{\"@type\":\"WebSite\",\"@id\":\"https:\/\/cleys.it\/#website\",\"url\":\"https:\/\/cleys.it\/\",\"name\":\"Cleys\",\"description\":\"Straight to cosmetics\",\"publisher\":{\"@id\":\"https:\/\/cleys.it\/#organization\"},\"potentialAction\":[{\"@type\":\"SearchAction\",\"target\":{\"@type\":\"EntryPoint\",\"urlTemplate\":\"https:\/\/cleys.it\/?s={search_term_string}\"},\"query-input\":{\"@type\":\"PropertyValueSpecification\",\"valueRequired\":true,\"valueName\":\"search_term_string\"}}],\"inLanguage\":\"fr-FR\"},{\"@type\":\"Organization\",\"@id\":\"https:\/\/cleys.it\/#organization\",\"name\":\"Cleys\",\"url\":\"https:\/\/cleys.it\/\",\"logo\":{\"@type\":\"ImageObject\",\"inLanguage\":\"fr-FR\",\"@id\":\"https:\/\/cleys.it\/#\/schema\/logo\/image\/\",\"url\":\"https:\/\/cleys.it\/wp-content\/uploads\/2021\/06\/logo-cleys.jpg\",\"contentUrl\":\"https:\/\/cleys.it\/wp-content\/uploads\/2021\/06\/logo-cleys.jpg\",\"width\":2170,\"height\":1249,\"caption\":\"Cleys\"},\"image\":{\"@id\":\"https:\/\/cleys.it\/#\/schema\/logo\/image\/\"},\"sameAs\":[\"https:\/\/www.linkedin.com\/company\/cleys\/\"]}]}<\/script>\n<!-- \/ Yoast SEO plugin. -->","yoast_head_json":{"title":"Des produits cosm\u00e9tiques de qualit\u00e9 | Cleys","description":"Cleys a adopt\u00e9 un Syst\u00e8me de gestion de la qualit\u00e9 des produits cosm\u00e9tiques et des dispositifs m\u00e9dicaux conforme aux standards internationaux.","robots":{"index":"index","follow":"follow","max-snippet":"max-snippet:-1","max-image-preview":"max-image-preview:large","max-video-preview":"max-video-preview:-1"},"canonical":"https:\/\/cleys.it\/fr\/qualita\/","og_locale":"fr_FR","og_type":"article","og_title":"Des produits cosm\u00e9tiques de qualit\u00e9 | Cleys","og_description":"Cleys a adopt\u00e9 un Syst\u00e8me de gestion de la qualit\u00e9 des produits cosm\u00e9tiques et des dispositifs m\u00e9dicaux conforme aux standards internationaux.","og_url":"https:\/\/cleys.it\/fr\/qualita\/","og_site_name":"Cleys","article_modified_time":"2023-12-07T10:04:19+00:00","twitter_card":"summary_large_image","twitter_misc":{"Dur\u00e9e de lecture estim\u00e9e":"2 minutes"},"schema":{"@context":"https:\/\/schema.org","@graph":[{"@type":"WebPage","@id":"https:\/\/cleys.it\/fr\/qualita\/","url":"https:\/\/cleys.it\/fr\/qualita\/","name":"Des produits cosm\u00e9tiques de qualit\u00e9 | Cleys","isPartOf":{"@id":"https:\/\/cleys.it\/#website"},"datePublished":"2021-05-18T13:43:24+00:00","dateModified":"2023-12-07T10:04:19+00:00","description":"Cleys a adopt\u00e9 un Syst\u00e8me de gestion de la qualit\u00e9 des produits cosm\u00e9tiques et des dispositifs m\u00e9dicaux conforme aux standards internationaux.","breadcrumb":{"@id":"https:\/\/cleys.it\/fr\/qualita\/#breadcrumb"},"inLanguage":"fr-FR","potentialAction":[{"@type":"ReadAction","target":["https:\/\/cleys.it\/fr\/qualita\/"]}]},{"@type":"BreadcrumbList","@id":"https:\/\/cleys.it\/fr\/qualita\/#breadcrumb","itemListElement":[{"@type":"ListItem","position":1,"name":"Home","item":"https:\/\/cleys.it\/fr\/"},{"@type":"ListItem","position":2,"name":"Qualit\u00e9"}]},{"@type":"WebSite","@id":"https:\/\/cleys.it\/#website","url":"https:\/\/cleys.it\/","name":"Cleys","description":"Straight to cosmetics","publisher":{"@id":"https:\/\/cleys.it\/#organization"},"potentialAction":[{"@type":"SearchAction","target":{"@type":"EntryPoint","urlTemplate":"https:\/\/cleys.it\/?s={search_term_string}"},"query-input":{"@type":"PropertyValueSpecification","valueRequired":true,"valueName":"search_term_string"}}],"inLanguage":"fr-FR"},{"@type":"Organization","@id":"https:\/\/cleys.it\/#organization","name":"Cleys","url":"https:\/\/cleys.it\/","logo":{"@type":"ImageObject","inLanguage":"fr-FR","@id":"https:\/\/cleys.it\/#\/schema\/logo\/image\/","url":"https:\/\/cleys.it\/wp-content\/uploads\/2021\/06\/logo-cleys.jpg","contentUrl":"https:\/\/cleys.it\/wp-content\/uploads\/2021\/06\/logo-cleys.jpg","width":2170,"height":1249,"caption":"Cleys"},"image":{"@id":"https:\/\/cleys.it\/#\/schema\/logo\/image\/"},"sameAs":["https:\/\/www.linkedin.com\/company\/cleys\/"]}]}},"_links":{"self":[{"href":"https:\/\/cleys.it\/fr\/wp-json\/wp\/v2\/pages\/435","targetHints":{"allow":["GET"]}}],"collection":[{"href":"https:\/\/cleys.it\/fr\/wp-json\/wp\/v2\/pages"}],"about":[{"href":"https:\/\/cleys.it\/fr\/wp-json\/wp\/v2\/types\/page"}],"author":[{"embeddable":true,"href":"https:\/\/cleys.it\/fr\/wp-json\/wp\/v2\/users\/4"}],"replies":[{"embeddable":true,"href":"https:\/\/cleys.it\/fr\/wp-json\/wp\/v2\/comments?post=435"}],"version-history":[{"count":24,"href":"https:\/\/cleys.it\/fr\/wp-json\/wp\/v2\/pages\/435\/revisions"}],"predecessor-version":[{"id":3868,"href":"https:\/\/cleys.it\/fr\/wp-json\/wp\/v2\/pages\/435\/revisions\/3868"}],"wp:attachment":[{"href":"https:\/\/cleys.it\/fr\/wp-json\/wp\/v2\/media?parent=435"}],"curies":[{"name":"wp","href":"https:\/\/api.w.org\/{rel}","templated":true}]}}